{"id":68,"date":"2020-01-14T01:25:38","date_gmt":"2020-01-14T01:25:38","guid":{"rendered":"http:\/\/raweld.mx\/?page_id=68"},"modified":"2020-01-23T16:31:54","modified_gmt":"2020-01-23T16:31:54","slug":"estructuras-metalicas","status":"publish","type":"page","link":"https:\/\/raweld.mx\/?page_id=68","title":{"rendered":"Estructuras y componentes Metalicos"},"content":{"rendered":"\n<p>Contamos con un taller para la elaboraci\u00f3n de algunas estructuras y componentes met\u00e1licos, buscamos siempre elaborar con los mas altos est\u00e1ndares de calidad y mejoras en procesos, desarrollo e ingenier\u00eda estamos elaborando nuestra linea de producci\u00f3n para algunos productos como :<\/p>\n\n\n\n<ul class=\"wp-block-list\"><li>Largueros de vida.<\/li><li>Montaje <\/li><li>Soldaduras <\/li><li>Fabricaci\u00f3n de piezas en Linea <\/li><li>Aplicaciones de Pinturas <\/li><li>Estructuras Met\u00e1licas <\/li><li>Calculo Estructural <\/li><li>Dise\u00f1o <\/li><li>Corte y Dise\u00f1o de hasta 3 Pulgadas de Espesor <\/li><\/ul>\n\n\n\n<p>ventas@raweld.mx<\/p>\n\n\n\n<figure class=\"wp-block-gallery columns-3 is-cropped wp-block-gallery-1 is-layout-flex wp-block-gallery-is-layout-flex\"><ul class=\"blocks-gallery-grid\"><li class=\"blocks-gallery-item\"><figure><img loading=\"lazy\" decoding=\"async\" width=\"1024\" height=\"1024\" src=\"http:\/\/raweld.mx\/wp-content\/uploads\/2020\/01\/Corte-por-plasma.-C\u00f3mo-funciona-y-cu\u00e1les-son-sus-aplicaciones-1024x1024-2-1024x1024.jpg\" alt=\"\" data-id=\"124\" data-full-url=\"http:\/\/raweld.mx\/wp-content\/uploads\/2020\/01\/Corte-por-plasma.-C\u00f3mo-funciona-y-cu\u00e1les-son-sus-aplicaciones-1024x1024-2.jpg\" data-link=\"http:\/\/raweld.mx\/?attachment_id=124\" class=\"wp-image-124\" srcset=\"https:\/\/raweld.mx\/wp-content\/uploads\/2020\/01\/Corte-por-plasma.-C\u00f3mo-funciona-y-cu\u00e1les-son-sus-aplicaciones-1024x1024-2.jpg 1024w, https:\/\/raweld.mx\/wp-content\/uploads\/2020\/01\/Corte-por-plasma.-C\u00f3mo-funciona-y-cu\u00e1les-son-sus-aplicaciones-1024x1024-2-300x300.jpg 300w, https:\/\/raweld.mx\/wp-content\/uploads\/2020\/01\/Corte-por-plasma.-C\u00f3mo-funciona-y-cu\u00e1les-son-sus-aplicaciones-1024x1024-2-150x150.jpg 150w, https:\/\/raweld.mx\/wp-content\/uploads\/2020\/01\/Corte-por-plasma.-C\u00f3mo-funciona-y-cu\u00e1les-son-sus-aplicaciones-1024x1024-2-768x768.jpg 768w, https:\/\/raweld.mx\/wp-content\/uploads\/2020\/01\/Corte-por-plasma.-C\u00f3mo-funciona-y-cu\u00e1les-son-sus-aplicaciones-1024x1024-2-100x100.jpg 100w\" sizes=\"auto, (max-width: 706px) 89vw, (max-width: 767px) 82vw, 740px\" \/><\/figure><\/li><li class=\"blocks-gallery-item\"><figure><img loading=\"lazy\" decoding=\"async\" width=\"519\" height=\"346\" src=\"http:\/\/raweld.mx\/wp-content\/uploads\/2020\/01\/IMG-20180301-WA0011-1.jpg\" alt=\"\" data-id=\"125\" data-full-url=\"http:\/\/raweld.mx\/wp-content\/uploads\/2020\/01\/IMG-20180301-WA0011-1.jpg\" data-link=\"http:\/\/raweld.mx\/?attachment_id=125\" class=\"wp-image-125\" srcset=\"https:\/\/raweld.mx\/wp-content\/uploads\/2020\/01\/IMG-20180301-WA0011-1.jpg 519w, https:\/\/raweld.mx\/wp-content\/uploads\/2020\/01\/IMG-20180301-WA0011-1-300x200.jpg 300w\" sizes=\"auto, (max-width: 519px) 100vw, 519px\" \/><\/figure><\/li><li class=\"blocks-gallery-item\"><figure><img loading=\"lazy\" decoding=\"async\" width=\"572\" height=\"441\" src=\"http:\/\/raweld.mx\/wp-content\/uploads\/2020\/01\/IMG-20180302-WA0024-1.jpg\" alt=\"\" data-id=\"126\" data-full-url=\"http:\/\/raweld.mx\/wp-content\/uploads\/2020\/01\/IMG-20180302-WA0024-1.jpg\" data-link=\"http:\/\/raweld.mx\/?attachment_id=126\" class=\"wp-image-126\" srcset=\"https:\/\/raweld.mx\/wp-content\/uploads\/2020\/01\/IMG-20180302-WA0024-1.jpg 572w, https:\/\/raweld.mx\/wp-content\/uploads\/2020\/01\/IMG-20180302-WA0024-1-300x231.jpg 300w\" sizes=\"auto, (max-width: 572px) 100vw, 572px\" \/><\/figure><\/li><li class=\"blocks-gallery-item\"><figure><img loading=\"lazy\" decoding=\"async\" width=\"1024\" height=\"768\" src=\"http:\/\/raweld.mx\/wp-content\/uploads\/2020\/01\/IMG-20181029-WA0008-1024x768.jpg\" alt=\"\" data-id=\"127\" data-full-url=\"http:\/\/raweld.mx\/wp-content\/uploads\/2020\/01\/IMG-20181029-WA0008.jpg\" data-link=\"http:\/\/raweld.mx\/?attachment_id=127\" class=\"wp-image-127\" srcset=\"https:\/\/raweld.mx\/wp-content\/uploads\/2020\/01\/IMG-20181029-WA0008-1024x768.jpg 1024w, https:\/\/raweld.mx\/wp-content\/uploads\/2020\/01\/IMG-20181029-WA0008-300x225.jpg 300w, https:\/\/raweld.mx\/wp-content\/uploads\/2020\/01\/IMG-20181029-WA0008-768x576.jpg 768w, https:\/\/raweld.mx\/wp-content\/uploads\/2020\/01\/IMG-20181029-WA0008.jpg 1080w\" sizes=\"auto, (max-width: 706px) 89vw, (max-width: 767px) 82vw, 740px\" \/><\/figure><\/li><li class=\"blocks-gallery-item\"><figure><img loading=\"lazy\" decoding=\"async\" width=\"641\" height=\"539\" src=\"http:\/\/raweld.mx\/wp-content\/uploads\/2020\/01\/IMG-20181030-WA0000-rotated.jpg\" alt=\"\" data-id=\"128\" data-full-url=\"http:\/\/raweld.mx\/wp-content\/uploads\/2020\/01\/IMG-20181030-WA0000-rotated.jpg\" data-link=\"http:\/\/raweld.mx\/?attachment_id=128\" class=\"wp-image-128\" srcset=\"https:\/\/raweld.mx\/wp-content\/uploads\/2020\/01\/IMG-20181030-WA0000-rotated.jpg 641w, https:\/\/raweld.mx\/wp-content\/uploads\/2020\/01\/IMG-20181030-WA0000-300x252.jpg 300w\" sizes=\"auto, (max-width: 641px) 100vw, 641px\" \/><\/figure><\/li><\/ul><\/figure>\n","protected":false},"excerpt":{"rendered":"<p>Contamos con un taller para la elaboraci\u00f3n de algunas estructuras y componentes met\u00e1licos, buscamos siempre elaborar con los mas altos est\u00e1ndares de calidad y mejoras en procesos, desarrollo e ingenier\u00eda estamos elaborando nuestra linea de producci\u00f3n para algunos productos como : Largueros de vida. Montaje Soldaduras Fabricaci\u00f3n de piezas en Linea Aplicaciones de Pinturas Estructuras &hellip; <\/p>\n<p class=\"link-more\"><a href=\"https:\/\/raweld.mx\/?page_id=68\" class=\"more-link\">Continue reading<span class=\"screen-reader-text\"> &#8220;Estructuras y componentes Metalicos&#8221;<\/span><\/a><\/p>\n","protected":false},"author":1,"featured_media":0,"parent":0,"menu_order":0,"comment_status":"closed","ping_status":"closed","template":"","meta":{"footnotes":""},"class_list":["post-68","page","type-page","status-publish","hentry"],"_links":{"self":[{"href":"https:\/\/raweld.mx\/index.php?rest_route=\/wp\/v2\/pages\/68","targetHints":{"allow":["GET"]}}],"collection":[{"href":"https:\/\/raweld.mx\/index.php?rest_route=\/wp\/v2\/pages"}],"about":[{"href":"https:\/\/raweld.mx\/index.php?rest_route=\/wp\/v2\/types\/page"}],"author":[{"embeddable":true,"href":"https:\/\/raweld.mx\/index.php?rest_route=\/wp\/v2\/users\/1"}],"replies":[{"embeddable":true,"href":"https:\/\/raweld.mx\/index.php?rest_route=%2Fwp%2Fv2%2Fcomments&post=68"}],"version-history":[{"count":4,"href":"https:\/\/raweld.mx\/index.php?rest_route=\/wp\/v2\/pages\/68\/revisions"}],"predecessor-version":[{"id":143,"href":"https:\/\/raweld.mx\/index.php?rest_route=\/wp\/v2\/pages\/68\/revisions\/143"}],"wp:attachment":[{"href":"https:\/\/raweld.mx\/index.php?rest_route=%2Fwp%2Fv2%2Fmedia&parent=68"}],"curies":[{"name":"wp","href":"https:\/\/api.w.org\/{rel}","templated":true}]}}