{"id":69,"date":"2020-01-14T01:25:38","date_gmt":"2020-01-14T01:25:38","guid":{"rendered":"http:\/\/raweld.mx\/?page_id=69"},"modified":"2020-01-14T02:16:53","modified_gmt":"2020-01-14T02:16:53","slug":"automatizacion","status":"publish","type":"page","link":"https:\/\/raweld.mx\/?page_id=69","title":{"rendered":"Automatizaci\u00f3n"},"content":{"rendered":"\n<figure class=\"wp-block-gallery alignright columns-3 is-cropped wp-block-gallery-1 is-layout-flex wp-block-gallery-is-layout-flex\"><ul class=\"blocks-gallery-grid\"><li class=\"blocks-gallery-item\"><figure><img loading=\"lazy\" decoding=\"async\" width=\"519\" height=\"346\" src=\"http:\/\/raweld.mx\/wp-content\/uploads\/2020\/01\/IMG-20180301-WA0011.jpg\" alt=\"\" data-id=\"114\" data-full-url=\"http:\/\/raweld.mx\/wp-content\/uploads\/2020\/01\/IMG-20180301-WA0011.jpg\" data-link=\"http:\/\/raweld.mx\/?attachment_id=114\" class=\"wp-image-114\" srcset=\"https:\/\/raweld.mx\/wp-content\/uploads\/2020\/01\/IMG-20180301-WA0011.jpg 519w, https:\/\/raweld.mx\/wp-content\/uploads\/2020\/01\/IMG-20180301-WA0011-300x200.jpg 300w\" sizes=\"auto, (max-width: 519px) 100vw, 519px\" \/><\/figure><\/li><li class=\"blocks-gallery-item\"><figure><img loading=\"lazy\" decoding=\"async\" width=\"572\" height=\"441\" src=\"http:\/\/raweld.mx\/wp-content\/uploads\/2020\/01\/IMG-20180302-WA0024.jpg\" alt=\"\" data-id=\"115\" data-full-url=\"http:\/\/raweld.mx\/wp-content\/uploads\/2020\/01\/IMG-20180302-WA0024.jpg\" data-link=\"http:\/\/raweld.mx\/?attachment_id=115\" class=\"wp-image-115\" srcset=\"https:\/\/raweld.mx\/wp-content\/uploads\/2020\/01\/IMG-20180302-WA0024.jpg 572w, https:\/\/raweld.mx\/wp-content\/uploads\/2020\/01\/IMG-20180302-WA0024-300x231.jpg 300w\" sizes=\"auto, (max-width: 572px) 100vw, 572px\" \/><\/figure><\/li><li class=\"blocks-gallery-item\"><figure><img loading=\"lazy\" decoding=\"async\" width=\"1024\" height=\"576\" src=\"http:\/\/raweld.mx\/wp-content\/uploads\/2020\/01\/IMG-20180504-WA0022-1024x576.jpg\" alt=\"\" data-id=\"116\" data-full-url=\"http:\/\/raweld.mx\/wp-content\/uploads\/2020\/01\/IMG-20180504-WA0022.jpg\" data-link=\"http:\/\/raweld.mx\/?attachment_id=116\" class=\"wp-image-116\" srcset=\"https:\/\/raweld.mx\/wp-content\/uploads\/2020\/01\/IMG-20180504-WA0022-1024x576.jpg 1024w, https:\/\/raweld.mx\/wp-content\/uploads\/2020\/01\/IMG-20180504-WA0022-300x169.jpg 300w, https:\/\/raweld.mx\/wp-content\/uploads\/2020\/01\/IMG-20180504-WA0022-768x432.jpg 768w, https:\/\/raweld.mx\/wp-content\/uploads\/2020\/01\/IMG-20180504-WA0022.jpg 1080w\" sizes=\"auto, (max-width: 706px) 89vw, (max-width: 767px) 82vw, 740px\" \/><\/figure><\/li><li class=\"blocks-gallery-item\"><figure><img loading=\"lazy\" decoding=\"async\" width=\"750\" height=\"1000\" src=\"http:\/\/raweld.mx\/wp-content\/uploads\/2020\/01\/IMG-20180504-WA0023.jpg\" alt=\"\" data-id=\"117\" data-full-url=\"http:\/\/raweld.mx\/wp-content\/uploads\/2020\/01\/IMG-20180504-WA0023.jpg\" data-link=\"http:\/\/raweld.mx\/?attachment_id=117\" class=\"wp-image-117\" srcset=\"https:\/\/raweld.mx\/wp-content\/uploads\/2020\/01\/IMG-20180504-WA0023.jpg 750w, https:\/\/raweld.mx\/wp-content\/uploads\/2020\/01\/IMG-20180504-WA0023-225x300.jpg 225w\" sizes=\"auto, (max-width: 706px) 89vw, (max-width: 767px) 82vw, 740px\" \/><\/figure><\/li><li class=\"blocks-gallery-item\"><figure><img loading=\"lazy\" decoding=\"async\" width=\"1000\" height=\"750\" src=\"http:\/\/raweld.mx\/wp-content\/uploads\/2020\/01\/IMG-20180504-WA0024.jpg\" alt=\"\" data-id=\"119\" data-full-url=\"http:\/\/raweld.mx\/wp-content\/uploads\/2020\/01\/IMG-20180504-WA0024.jpg\" data-link=\"http:\/\/raweld.mx\/?attachment_id=119\" class=\"wp-image-119\" srcset=\"https:\/\/raweld.mx\/wp-content\/uploads\/2020\/01\/IMG-20180504-WA0024.jpg 1000w, https:\/\/raweld.mx\/wp-content\/uploads\/2020\/01\/IMG-20180504-WA0024-300x225.jpg 300w, https:\/\/raweld.mx\/wp-content\/uploads\/2020\/01\/IMG-20180504-WA0024-768x576.jpg 768w\" sizes=\"auto, (max-width: 706px) 89vw, (max-width: 767px) 82vw, 740px\" \/><\/figure><\/li><li class=\"blocks-gallery-item\"><figure><img loading=\"lazy\" decoding=\"async\" width=\"768\" height=\"1024\" src=\"http:\/\/raweld.mx\/wp-content\/uploads\/2020\/01\/IMG-20180508-WA0185-768x1024.jpg\" alt=\"\" data-id=\"120\" data-full-url=\"http:\/\/raweld.mx\/wp-content\/uploads\/2020\/01\/IMG-20180508-WA0185.jpg\" data-link=\"http:\/\/raweld.mx\/?attachment_id=120\" class=\"wp-image-120\" srcset=\"https:\/\/raweld.mx\/wp-content\/uploads\/2020\/01\/IMG-20180508-WA0185-768x1024.jpg 768w, https:\/\/raweld.mx\/wp-content\/uploads\/2020\/01\/IMG-20180508-WA0185-225x300.jpg 225w, https:\/\/raweld.mx\/wp-content\/uploads\/2020\/01\/IMG-20180508-WA0185.jpg 810w\" sizes=\"auto, (max-width: 706px) 89vw, (max-width: 767px) 82vw, 740px\" \/><\/figure><\/li><li class=\"blocks-gallery-item\"><figure><img loading=\"lazy\" decoding=\"async\" width=\"750\" height=\"750\" src=\"http:\/\/raweld.mx\/wp-content\/uploads\/2020\/01\/IMG-20180719-WA0029-1.jpg\" alt=\"\" data-id=\"121\" data-full-url=\"http:\/\/raweld.mx\/wp-content\/uploads\/2020\/01\/IMG-20180719-WA0029-1.jpg\" data-link=\"http:\/\/raweld.mx\/?attachment_id=121\" class=\"wp-image-121\" srcset=\"https:\/\/raweld.mx\/wp-content\/uploads\/2020\/01\/IMG-20180719-WA0029-1.jpg 750w, https:\/\/raweld.mx\/wp-content\/uploads\/2020\/01\/IMG-20180719-WA0029-1-300x300.jpg 300w, https:\/\/raweld.mx\/wp-content\/uploads\/2020\/01\/IMG-20180719-WA0029-1-150x150.jpg 150w, https:\/\/raweld.mx\/wp-content\/uploads\/2020\/01\/IMG-20180719-WA0029-1-100x100.jpg 100w\" sizes=\"auto, (max-width: 706px) 89vw, (max-width: 767px) 82vw, 740px\" \/><\/figure><\/li><li class=\"blocks-gallery-item\"><figure><img loading=\"lazy\" decoding=\"async\" width=\"750\" height=\"750\" src=\"http:\/\/raweld.mx\/wp-content\/uploads\/2020\/01\/IMG-20180719-WA0032.jpg\" alt=\"\" data-id=\"122\" data-full-url=\"http:\/\/raweld.mx\/wp-content\/uploads\/2020\/01\/IMG-20180719-WA0032.jpg\" data-link=\"http:\/\/raweld.mx\/?attachment_id=122\" class=\"wp-image-122\" srcset=\"https:\/\/raweld.mx\/wp-content\/uploads\/2020\/01\/IMG-20180719-WA0032.jpg 750w, https:\/\/raweld.mx\/wp-content\/uploads\/2020\/01\/IMG-20180719-WA0032-300x300.jpg 300w, https:\/\/raweld.mx\/wp-content\/uploads\/2020\/01\/IMG-20180719-WA0032-150x150.jpg 150w, https:\/\/raweld.mx\/wp-content\/uploads\/2020\/01\/IMG-20180719-WA0032-100x100.jpg 100w\" sizes=\"auto, (max-width: 706px) 89vw, (max-width: 767px) 82vw, 740px\" \/><\/figure><\/li><\/ul><\/figure>\n\n\n\n<p>Brindamos el Servicio de Integraci\u00f3n, Ingenier\u00eda y desarrollo de lineas Autom\u00e1ticas de producci\u00f3n.<\/p>\n\n\n\n<p>Esto apoya para la linea continua y desarrollo de mejoras en las lineas, incrementando las velocidades y fabricaciones para una mejora continua en el \u00e1rea deseada.<\/p>\n\n\n\n<p>Brindamos todo el proyecto y manejamos nuestras Lineas de Robots y Herramentales para un amplio desarrollo.<\/p>\n\n\n\n<p>Conoce m\u00e1s ventas@raweld.mx<\/p>\n","protected":false},"excerpt":{"rendered":"<p>Brindamos el Servicio de Integraci\u00f3n, Ingenier\u00eda y desarrollo de lineas Autom\u00e1ticas de producci\u00f3n. Esto apoya para la linea continua y desarrollo de mejoras en las lineas, incrementando las velocidades y fabricaciones para una mejora continua en el \u00e1rea deseada. Brindamos todo el proyecto y manejamos nuestras Lineas de Robots y Herramentales para un amplio desarrollo. &hellip; <\/p>\n<p class=\"link-more\"><a href=\"https:\/\/raweld.mx\/?page_id=69\" class=\"more-link\">Continue reading<span class=\"screen-reader-text\"> &#8220;Automatizaci\u00f3n&#8221;<\/span><\/a><\/p>\n","protected":false},"author":1,"featured_media":0,"parent":0,"menu_order":0,"comment_status":"closed","ping_status":"closed","template":"","meta":{"footnotes":""},"class_list":["post-69","page","type-page","status-publish","hentry"],"_links":{"self":[{"href":"https:\/\/raweld.mx\/index.php?rest_route=\/wp\/v2\/pages\/69","targetHints":{"allow":["GET"]}}],"collection":[{"href":"https:\/\/raweld.mx\/index.php?rest_route=\/wp\/v2\/pages"}],"about":[{"href":"https:\/\/raweld.mx\/index.php?rest_route=\/wp\/v2\/types\/page"}],"author":[{"embeddable":true,"href":"https:\/\/raweld.mx\/index.php?rest_route=\/wp\/v2\/users\/1"}],"replies":[{"embeddable":true,"href":"https:\/\/raweld.mx\/index.php?rest_route=%2Fwp%2Fv2%2Fcomments&post=69"}],"version-history":[{"count":2,"href":"https:\/\/raweld.mx\/index.php?rest_route=\/wp\/v2\/pages\/69\/revisions"}],"predecessor-version":[{"id":123,"href":"https:\/\/raweld.mx\/index.php?rest_route=\/wp\/v2\/pages\/69\/revisions\/123"}],"wp:attachment":[{"href":"https:\/\/raweld.mx\/index.php?rest_route=%2Fwp%2Fv2%2Fmedia&parent=69"}],"curies":[{"name":"wp","href":"https:\/\/api.w.org\/{rel}","templated":true}]}}